{"id":545,"date":"2026-05-11T08:25:41","date_gmt":"2026-05-11T08:25:41","guid":{"rendered":"https:\/\/atemtherapie-wiest.de\/?page_id=545"},"modified":"2026-05-11T08:26:16","modified_gmt":"2026-05-11T08:26:16","slug":"neu-vorlesenerzaehlen","status":"publish","type":"page","link":"https:\/\/atemtherapie-wiest.de\/?page_id=545","title":{"rendered":"Neu! vorlesen&#038;erz\u00e4hlen"},"content":{"rendered":"\n<p class=\"has-medium-font-size\"><strong>Zusammen mit der Stadtb\u00fccherei Ravensburg startet ein neues Projekt<\/strong><\/p>\n\n\n\n<p>Geschichten verbinden uns. Wenn wir sie miteinander teilen, werden Erinnerungen lebendig \u2013 und es entsteht ein Raum, in dem Zuh\u00f6ren und Erz\u00e4hlen gleicherma\u00dfen Platz haben.<\/p>\n\n\n\n<p>In dieser Gruppe lesen wir einander kurze Passagen aus Lieblingsb\u00fcchern vor \u2013 Texte, die uns ber\u00fchrt oder begleitet haben. Die eigene Stimme im Raum erklingen zu lassen und dabei geh\u00f6rt zu werden, ist eine besondere Erfahrung. Kleine Atem\u00fcbungen zu Beginn helfen uns, anzukommen und unsere Stimme zu st\u00e4rken.<\/p>\n\n\n\n<p>Beim Zuh\u00f6ren lassen wir die Worte auf uns wirken. Gedanken und Bilder d\u00fcrfen entstehen und \u2013 wenn gew\u00fcnscht \u2013 geteilt werden. Ohne Bewertung, ohne richtig oder falsch.<\/p>\n\n\n\n<p>Im Anschluss \u00f6ffnen sich oft ganz von selbst die T\u00fcren zu eigenen Erinnerungen. Wer mag, erz\u00e4hlt. So entsteht ein lebendiger Austausch, getragen von Aufmerksamkeit und Wertsch\u00e4tzung.<\/p>\n\n\n\n<p>Ein Angebot f\u00fcr alle, die Freude am Vorlesen, Zuh\u00f6ren und Erz\u00e4hlen haben \u2013 und dies gerne in Gemeinschaft erleben m\u00f6chten.<\/p>\n\n\n\n<p>Bitte bringen Sie Ihren Lieblingstext oder Ihr Lieblingsbuch mit.<\/p>\n\n\n\n<p><strong>Zeitrahmen:<\/strong> 1\u20131,5 Stunden<br><strong>Leitung:<\/strong> Maria Wiest, Atemp\u00e4dagogin<br><strong>Ort:<\/strong> Stadtb\u00fccherei Ravensburg<br><strong>Teilnehmerzahl:<\/strong> max. 10<\/p>\n\n\n\n<p><strong>Start: <\/strong>Dienstag, <strong>16.6. 2026<\/strong>, insgesamt 4 Termine, (16.6., 23.6., 30.6., 7.7.,)<\/p>\n\n\n\n<p><strong>Uhrzeit<\/strong>: 16:00-17:30 h<\/p>\n\n\n\n<p>Eine Fortsetzung im Herbst ist geplant.<\/p>\n\n\n\n<p>Anmeldung an: Stadtb\u00fccherei Ravensburg<\/p>\n","protected":false},"excerpt":{"rendered":"<p>Zusammen mit der Stadtb\u00fccherei Ravensburg startet ein neues Projekt Geschichten verbinden uns. Wenn wir sie miteinander teilen, werden Erinnerungen lebendig \u2013 und es entsteht ein Raum, in dem Zuh\u00f6ren und Erz\u00e4hlen gleicherma\u00dfen Platz haben. In dieser Gruppe lesen wir einander kurze Passagen aus Lieblingsb\u00fcchern vor \u2013 Texte, die uns ber\u00fchrt oder begleitet haben. Die eigene &hellip; <\/p>\n<p class=\"link-more\"><a href=\"https:\/\/atemtherapie-wiest.de\/?page_id=545\" class=\"more-link\"><span class=\"screen-reader-text\">\u201eNeu! vorlesen&#038;erz\u00e4hlen\u201c <\/span>weiterlesen<\/a><\/p>\n","protected":false},"author":1,"featured_media":0,"parent":19,"menu_order":4,"comment_status":"closed","ping_status":"closed","template":"","meta":{"footnotes":""},"class_list":["post-545","page","type-page","status-publish","hentry"],"_links":{"self":[{"href":"https:\/\/atemtherapie-wiest.de\/index.php?rest_route=\/wp\/v2\/pages\/545","targetHints":{"allow":["GET"]}}],"collection":[{"href":"https:\/\/atemtherapie-wiest.de\/index.php?rest_route=\/wp\/v2\/pages"}],"about":[{"href":"https:\/\/atemtherapie-wiest.de\/index.php?rest_route=\/wp\/v2\/types\/page"}],"author":[{"embeddable":true,"href":"https:\/\/atemtherapie-wiest.de\/index.php?rest_route=\/wp\/v2\/users\/1"}],"replies":[{"embeddable":true,"href":"https:\/\/atemtherapie-wiest.de\/index.php?rest_route=%2Fwp%2Fv2%2Fcomments&post=545"}],"version-history":[{"count":3,"href":"https:\/\/atemtherapie-wiest.de\/index.php?rest_route=\/wp\/v2\/pages\/545\/revisions"}],"predecessor-version":[{"id":548,"href":"https:\/\/atemtherapie-wiest.de\/index.php?rest_route=\/wp\/v2\/pages\/545\/revisions\/548"}],"up":[{"embeddable":true,"href":"https:\/\/atemtherapie-wiest.de\/index.php?rest_route=\/wp\/v2\/pages\/19"}],"wp:attachment":[{"href":"https:\/\/atemtherapie-wiest.de\/index.php?rest_route=%2Fwp%2Fv2%2Fmedia&parent=545"}],"curies":[{"name":"wp","href":"https:\/\/api.w.org\/{rel}","templated":true}]}}