{"id":53,"date":"2020-11-23T23:15:23","date_gmt":"2020-11-23T23:15:23","guid":{"rendered":"https:\/\/transfersiteatempraxis.live-website.com\/?page_id=53"},"modified":"2026-02-17T11:13:35","modified_gmt":"2026-02-17T11:13:35","slug":"weiterfuehrende-links","status":"publish","type":"page","link":"https:\/\/atemtherapie-wiest.de\/?page_id=53","title":{"rendered":"Weiterf\u00fchrende Links"},"content":{"rendered":"\n<pre class=\"wp-block-verse\" style=\"font-size:18px\">Mit diesen Partnern arbeite ich zusammen<\/pre>\n\n\n\n<h2 class=\"wp-block-heading\">Berufsverband f\u00fcr Atemp\u00e4dagogik und Atemtherapie<\/h2>\n\n\n\n<div class=\"wp-block-buttons is-layout-flex wp-block-buttons-is-layout-flex\">\n<div class=\"wp-block-button\"><a class=\"wp-block-button__link has-vivid-green-cyan-background-color has-background wp-element-button\" href=\"http:\/\/www.bvatem.de\" target=\"_blank\" rel=\"noreferrer noopener\"><strong>Website besuchen: www.bvatem.de<\/strong><\/a><\/div>\n<\/div>\n\n\n\n<h2 class=\"wp-block-heading\">Schweizer Berufsverband f\u00fcr Atemtherapie und Atemp\u00e4dagogik Middendorf<\/h2>\n\n\n\n<div class=\"wp-block-buttons is-layout-flex wp-block-buttons-is-layout-flex\">\n<div class=\"wp-block-button\"><a class=\"wp-block-button__link has-vivid-green-cyan-background-color has-background wp-element-button\" href=\"http:\/\/www.sbam.ch\" target=\"_blank\" rel=\"noreferrer noopener\">Website besuchen: www.sbam.ch<\/a><\/div>\n<\/div>\n\n\n\n<p><\/p>\n","protected":false},"excerpt":{"rendered":"<p>Mit diesen Partnern arbeite ich zusammen Berufsverband f\u00fcr Atemp\u00e4dagogik und Atemtherapie Schweizer Berufsverband f\u00fcr Atemtherapie und Atemp\u00e4dagogik Middendorf<\/p>\n","protected":false},"author":2,"featured_media":0,"parent":0,"menu_order":6,"comment_status":"closed","ping_status":"closed","template":"","meta":{"footnotes":""},"class_list":["post-53","page","type-page","status-publish","hentry"],"_links":{"self":[{"href":"https:\/\/atemtherapie-wiest.de\/index.php?rest_route=\/wp\/v2\/pages\/53","targetHints":{"allow":["GET"]}}],"collection":[{"href":"https:\/\/atemtherapie-wiest.de\/index.php?rest_route=\/wp\/v2\/pages"}],"about":[{"href":"https:\/\/atemtherapie-wiest.de\/index.php?rest_route=\/wp\/v2\/types\/page"}],"author":[{"embeddable":true,"href":"https:\/\/atemtherapie-wiest.de\/index.php?rest_route=\/wp\/v2\/users\/2"}],"replies":[{"embeddable":true,"href":"https:\/\/atemtherapie-wiest.de\/index.php?rest_route=%2Fwp%2Fv2%2Fcomments&post=53"}],"version-history":[{"count":15,"href":"https:\/\/atemtherapie-wiest.de\/index.php?rest_route=\/wp\/v2\/pages\/53\/revisions"}],"predecessor-version":[{"id":396,"href":"https:\/\/atemtherapie-wiest.de\/index.php?rest_route=\/wp\/v2\/pages\/53\/revisions\/396"}],"wp:attachment":[{"href":"https:\/\/atemtherapie-wiest.de\/index.php?rest_route=%2Fwp%2Fv2%2Fmedia&parent=53"}],"curies":[{"name":"wp","href":"https:\/\/api.w.org\/{rel}","templated":true}]}}