{"id":499,"date":"2026-03-27T16:42:31","date_gmt":"2026-03-27T16:42:31","guid":{"rendered":"https:\/\/atemtherapie-wiest.de\/?page_id=499"},"modified":"2026-03-29T10:46:16","modified_gmt":"2026-03-29T10:46:16","slug":"einzelarbeit","status":"publish","type":"page","link":"https:\/\/atemtherapie-wiest.de\/?page_id=499","title":{"rendered":"Einzelarbeit"},"content":{"rendered":"\n<pre class=\"wp-block-verse\" style=\"font-size:18px\">Individuelle Atemarbeit \u2013 ganz auf Sie abgestimmt.<\/pre>\n\n\n\n<p>In der Einzelarbeit d\u00fcrfen Sie mit Ihrem Anliegen ganz im Mittelpunkt stehen. Zu Beginn nehmen wir uns Zeit f\u00fcr ein ruhiges Gespr\u00e4ch, um anzukommen und Ihr Anliegen zu kl\u00e4ren.<\/p>\n\n\n\n<p>Anschlie\u00dfend beginnt die Atembehandlung auf der Liege. Sie liegen dabei bekleidet in einer gesch\u00fctzten, ruhigen und zugewandten Atmosph\u00e4re. Durch achtsame, pr\u00e4sente Ber\u00fchrung werden Sie eingeladen, Ihre Aufmerksamkeit nach innen zu richten und die eigene Atmung wahrzunehmen.<\/p>\n\n\n\n<p>Der Atem kann sich allm\u00e4hlich vertiefen, Spannungen d\u00fcrfen sich l\u00f6sen. H\u00e4ufig entstehen Empfindungen von W\u00e4rme, Ruhe und Entspannung. Der K\u00f6rper findet zu mehr Weite, Leichtigkeit und Lebendigkeit \u2013 im R\u00fccken, im Nacken, in den Beinen und im ganzen K\u00f6rper.<\/p>\n\n\n\n<p>Die Behandlung ist wie ein stilles Gespr\u00e4ch: Die H\u00e4nde geben Impulse, der Atem antwortet auf seine eigene Weise. Zum Abschluss bleibt Zeit zum Nachruhen. Auf Wunsch findet ein kurzes Abschlussgespr\u00e4ch statt.<\/p>\n\n\n\n<h2 class=\"wp-block-heading\"><strong>Dauer<\/strong><\/h2>\n\n\n\n<p>ca. 75 Minuten<\/p>\n\n\n\n<p><strong>Hinweis: <\/strong>Bitte tragen Sie bequeme Kleidung<\/p>\n\n\n\n<h2 class=\"wp-block-heading\"><strong>Wo?<\/strong><\/h2>\n\n\n\n<p>Lebensr\u00e4ume f\u00fcr Jung &amp; Alt<br>Weinbergstra\u00dfe 11,<br>88214 Ravensburg<\/p>\n\n\n\n<h2 class=\"wp-block-heading\"><strong>Kosten<\/strong><\/h2>\n\n\n\n<p>auf Anfrage (keine Kassenleistung)<\/p>\n\n\n\n<div class=\"wp-block-buttons is-horizontal is-content-justification-left is-layout-flex wp-container-core-buttons-is-layout-0fd3d8b5 wp-block-buttons-is-layout-flex\">\n<div class=\"wp-block-button\"><a class=\"wp-block-button__link has-vivid-green-cyan-background-color has-background wp-element-button\" href=\"https:\/\/atemtherapie-wiest.de\/?page_id=22\">Kontakt \/ Anmeldung<\/a><\/div>\n<\/div>\n\n\n\n<div class=\"wp-block-group is-nowrap is-layout-flex wp-container-core-group-is-layout-ad2f72ca wp-block-group-is-layout-flex\">\n\n<\/div>\n\n\n\n<p><\/p>\n","protected":false},"excerpt":{"rendered":"<p>Individuelle Atemarbeit \u2013 ganz auf Sie abgestimmt. In der Einzelarbeit d\u00fcrfen Sie mit Ihrem Anliegen ganz im Mittelpunkt stehen. Zu Beginn nehmen wir uns Zeit f\u00fcr ein ruhiges Gespr\u00e4ch, um anzukommen und Ihr Anliegen zu kl\u00e4ren. Anschlie\u00dfend beginnt die Atembehandlung auf der Liege. Sie liegen dabei bekleidet in einer gesch\u00fctzten, ruhigen und zugewandten Atmosph\u00e4re. Durch &hellip; <\/p>\n<p class=\"link-more\"><a href=\"https:\/\/atemtherapie-wiest.de\/?page_id=499\" class=\"more-link\"><span class=\"screen-reader-text\">\u201eEinzelarbeit\u201c <\/span>weiterlesen<\/a><\/p>\n","protected":false},"author":1,"featured_media":0,"parent":19,"menu_order":4,"comment_status":"closed","ping_status":"closed","template":"","meta":{"footnotes":""},"class_list":["post-499","page","type-page","status-publish","hentry"],"_links":{"self":[{"href":"https:\/\/atemtherapie-wiest.de\/index.php?rest_route=\/wp\/v2\/pages\/499","targetHints":{"allow":["GET"]}}],"collection":[{"href":"https:\/\/atemtherapie-wiest.de\/index.php?rest_route=\/wp\/v2\/pages"}],"about":[{"href":"https:\/\/atemtherapie-wiest.de\/index.php?rest_route=\/wp\/v2\/types\/page"}],"author":[{"embeddable":true,"href":"https:\/\/atemtherapie-wiest.de\/index.php?rest_route=\/wp\/v2\/users\/1"}],"replies":[{"embeddable":true,"href":"https:\/\/atemtherapie-wiest.de\/index.php?rest_route=%2Fwp%2Fv2%2Fcomments&post=499"}],"version-history":[{"count":3,"href":"https:\/\/atemtherapie-wiest.de\/index.php?rest_route=\/wp\/v2\/pages\/499\/revisions"}],"predecessor-version":[{"id":520,"href":"https:\/\/atemtherapie-wiest.de\/index.php?rest_route=\/wp\/v2\/pages\/499\/revisions\/520"}],"up":[{"embeddable":true,"href":"https:\/\/atemtherapie-wiest.de\/index.php?rest_route=\/wp\/v2\/pages\/19"}],"wp:attachment":[{"href":"https:\/\/atemtherapie-wiest.de\/index.php?rest_route=%2Fwp%2Fv2%2Fmedia&parent=499"}],"curies":[{"name":"wp","href":"https:\/\/api.w.org\/{rel}","templated":true}]}}