{"id":478,"date":"2026-03-27T15:59:00","date_gmt":"2026-03-27T15:59:00","guid":{"rendered":"https:\/\/atemtherapie-wiest.de\/?page_id=478"},"modified":"2026-04-10T09:23:24","modified_gmt":"2026-04-10T09:23:24","slug":"ueber-das-atemgeschehen-gaehnen-und-seufzen","status":"publish","type":"page","link":"https:\/\/atemtherapie-wiest.de\/?page_id=478","title":{"rendered":"\u00dcber das Atemgeschehen &#8211; G\u00e4hnen und Seufzen"},"content":{"rendered":"\n<p>Als praktizierende Atemtherapeutin in Ravensburg mache ich immer wieder die Erfahrung, dass viele Menschen nur wenig \u00fcber ihren Atem wissen. H\u00e4ufig kommen sie erst durch Krankheiten oder Beschwerden \u2013 wie Bluthochdruck, Stress oder Herzprobleme \u2013 wieder in Kontakt mit sich selbst und ihrem Atem. Dabei ist der Atem ein zentraler Schl\u00fcssel f\u00fcr Gesundheit und Wohlbefinden.<\/p>\n\n\n\n<p>Ein ausgeglichener Atemrhythmus aus Einatem, Ausatem und Atemruhe bringt das vegetative Nervensystem ins Gleichgewicht. Dadurch k\u00f6nnen Ruhe, innere Stabilit\u00e4t und Ausgeglichenheit entstehen. Der Atem wirkt direkt auf unser Nervensystem und ist damit eines der wirksamsten und zugleich einfachsten Mittel zur Selbstregulation.<\/p>\n\n\n\n<p>Gerade in der kalten Jahreszeit ist bewusstes Atmen besonders wichtig: Es st\u00e4rkt das Immunsystem und unterst\u00fctzt die nat\u00fcrlichen Selbstheilungskr\u00e4fte des K\u00f6rpers.<\/p>\n\n\n\n<p>G\u00e4hnen und Seufzen sind elementare Bestandteile unseres Atemgeschehens und unseres Wohlbefindens \u2013 und werden dennoch h\u00e4ufig untersch\u00e4tzt oder sogar unterdr\u00fcckt.<\/p>\n\n\n\n<p>G\u00e4hnen versorgt die K\u00f6rperzellen, die Augen und das Gehirn mit frischem Sauerstoff. Dabei spannt sich die Muskulatur zun\u00e4chst an und kann sich anschlie\u00dfend tief l\u00f6sen. Ein kraftvolles G\u00e4hnen wirkt auf den gesamten K\u00f6rper \u2013 von der Sch\u00e4deldecke bis zu den Zehenspitzen. Es bezieht unter anderem die Schultern (Trapezius), die Augenmuskulatur (Musculus orbicularis oculi), den Nacken (Hals- und Nackenstrecker sowie -beuger) und die Bauchmuskulatur mit ein. Dar\u00fcber hinaus kann G\u00e4hnen helfen, innere Spannungen zu l\u00f6sen und negative Stimmungen positiv zu beeinflussen.<\/p>\n\n\n\n<p>Auch das Seufzen hat eine wichtige physiologische Funktion. Forschende haben in der Fachzeitschrift <em>Science Advances<\/em> ver\u00f6ffentlicht, warum ein tiefer Seufzer nicht nur der Seele guttut, sondern auch f\u00fcr die Lunge essenziell ist. Die Erkl\u00e4rung liegt in der Struktur der Lungenfl\u00fcssigkeit: Regelm\u00e4\u00dfiges Seufzen hilft dabei, feinste Lungenbl\u00e4schen offen zu halten und die Lungenfunktion aufrechtzuerhalten.<\/p>\n\n\n\n<p>G\u00e4hnen und Seufzen sind somit keine Zeichen von M\u00fcdigkeit oder Schw\u00e4che, sondern Ausdruck eines intelligenten, sich selbst regulierenden K\u00f6rpers.<\/p>\n\n\n\n<p>Es kann hilfreich sein, diesen meist unbewussten Atembewegungen wieder mehr Aufmerksamkeit zu schenken \u2013 nicht als Technik oder \u00dcbung, sondern als Teil eines nat\u00fcrlichen Regulationsprozesses. G\u00e4hnen und Seufzen geben Hinweise darauf, wie der Organismus Spannung ausgleicht und zu einem stabileren Atemrhythmus findet.<\/p>\n\n\n\n<p><\/p>\n\n\n\n<p><\/p>\n\n\n\n<p><\/p>\n\n\n\n<p><\/p>\n\n\n\n<h2 class=\"wp-block-heading has-medium-font-size\"><\/h2>\n\n\n\n<p><\/p>\n","protected":false},"excerpt":{"rendered":"<p>Als praktizierende Atemtherapeutin in Ravensburg mache ich immer wieder die Erfahrung, dass viele Menschen nur wenig \u00fcber ihren Atem wissen. H\u00e4ufig kommen sie erst durch Krankheiten oder Beschwerden \u2013 wie Bluthochdruck, Stress oder Herzprobleme \u2013 wieder in Kontakt mit sich selbst und ihrem Atem. Dabei ist der Atem ein zentraler Schl\u00fcssel f\u00fcr Gesundheit und Wohlbefinden. &hellip; <\/p>\n<p class=\"link-more\"><a href=\"https:\/\/atemtherapie-wiest.de\/?page_id=478\" class=\"more-link\"><span class=\"screen-reader-text\">\u201e\u00dcber das Atemgeschehen &#8211; G\u00e4hnen und Seufzen\u201c <\/span>weiterlesen<\/a><\/p>\n","protected":false},"author":1,"featured_media":0,"parent":310,"menu_order":2,"comment_status":"closed","ping_status":"closed","template":"","meta":{"footnotes":""},"class_list":["post-478","page","type-page","status-publish","hentry"],"_links":{"self":[{"href":"https:\/\/atemtherapie-wiest.de\/index.php?rest_route=\/wp\/v2\/pages\/478","targetHints":{"allow":["GET"]}}],"collection":[{"href":"https:\/\/atemtherapie-wiest.de\/index.php?rest_route=\/wp\/v2\/pages"}],"about":[{"href":"https:\/\/atemtherapie-wiest.de\/index.php?rest_route=\/wp\/v2\/types\/page"}],"author":[{"embeddable":true,"href":"https:\/\/atemtherapie-wiest.de\/index.php?rest_route=\/wp\/v2\/users\/1"}],"replies":[{"embeddable":true,"href":"https:\/\/atemtherapie-wiest.de\/index.php?rest_route=%2Fwp%2Fv2%2Fcomments&post=478"}],"version-history":[{"count":4,"href":"https:\/\/atemtherapie-wiest.de\/index.php?rest_route=\/wp\/v2\/pages\/478\/revisions"}],"predecessor-version":[{"id":485,"href":"https:\/\/atemtherapie-wiest.de\/index.php?rest_route=\/wp\/v2\/pages\/478\/revisions\/485"}],"up":[{"embeddable":true,"href":"https:\/\/atemtherapie-wiest.de\/index.php?rest_route=\/wp\/v2\/pages\/310"}],"wp:attachment":[{"href":"https:\/\/atemtherapie-wiest.de\/index.php?rest_route=%2Fwp%2Fv2%2Fmedia&parent=478"}],"curies":[{"name":"wp","href":"https:\/\/api.w.org\/{rel}","templated":true}]}}