{"id":472,"date":"2026-03-27T10:44:54","date_gmt":"2026-03-27T10:44:54","guid":{"rendered":"https:\/\/atemtherapie-wiest.de\/?page_id=472"},"modified":"2026-03-29T11:03:25","modified_gmt":"2026-03-29T11:03:25","slug":"das-symbolische-in-den-koerperzonen","status":"publish","type":"page","link":"https:\/\/atemtherapie-wiest.de\/?page_id=472","title":{"rendered":"Das Symbolische in den K\u00f6rperzonen"},"content":{"rendered":"\n<p>Weitere  Beispiele (\u201eDruck im Nacken\u201c, \u201eZ\u00e4hne zusammenbei\u00dfen\u201c, \u201eSchl\u00e4gt mir auf den Magen\u201c, \u201eHerz gebrochen\u201c u. a.) f\u00fchren tiefer in die Symbolik des K\u00f6rpers als Ausdruck der Seele:<\/p>\n\n\n\n<ul class=\"wp-block-list\">\n<li>Nacken\/Druck: Last, Verantwortung, nicht loslassen k\u00f6nnen<\/li>\n\n\n\n<li>Z\u00e4hne zusammenbei\u00dfen: Durchhalten, innere H\u00e4rte gegen sich selbst<\/li>\n\n\n\n<li>Magen: Verdauen \u2013 was kann ich seelisch \u201enicht verdauen\u201c?<\/li>\n\n\n\n<li>Herz: Zentrum der Gef\u00fchle \u2013 Verletzlichkeit, Liebe, Schmerz<\/li>\n\n\n\n<li>F\u00fc\u00dfe\/Boden: Stabilit\u00e4t, Vertrauen, Sicherheit im Leben<\/li>\n<\/ul>\n\n\n\n<p>Unser K\u00f6rper ist also nicht nur ein biologischer Organismus, sondern auch ein Resonanzraum der Seele.<\/p>\n\n\n\n<p>Indem wir unsere sprachlichen Bilder wahrnehmen, k\u00f6nnen wir Heilungsprozesse ansto\u00dfen.<br>Sprich: Wenn ich erkenne, \u201emir bleibt die Luft weg\u201c, dann l\u00e4dt mich diese Erkenntnis ein, bewusst wieder zu atmen, Raum zu schaffen, loszulassen.<br>Sprache kann uns so helfen, K\u00f6rper und Seele wieder miteinander zu verbinden.<\/p>\n","protected":false},"excerpt":{"rendered":"<p>Weitere Beispiele (\u201eDruck im Nacken\u201c, \u201eZ\u00e4hne zusammenbei\u00dfen\u201c, \u201eSchl\u00e4gt mir auf den Magen\u201c, \u201eHerz gebrochen\u201c u. a.) f\u00fchren tiefer in die Symbolik des K\u00f6rpers als Ausdruck der Seele: Unser K\u00f6rper ist also nicht nur ein biologischer Organismus, sondern auch ein Resonanzraum der Seele. Indem wir unsere sprachlichen Bilder wahrnehmen, k\u00f6nnen wir Heilungsprozesse ansto\u00dfen.Sprich: Wenn ich erkenne, &hellip; <\/p>\n<p class=\"link-more\"><a href=\"https:\/\/atemtherapie-wiest.de\/?page_id=472\" class=\"more-link\"><span class=\"screen-reader-text\">\u201eDas Symbolische in den K\u00f6rperzonen\u201c <\/span>weiterlesen<\/a><\/p>\n","protected":false},"author":1,"featured_media":0,"parent":16,"menu_order":4,"comment_status":"closed","ping_status":"closed","template":"","meta":{"footnotes":""},"class_list":["post-472","page","type-page","status-publish","hentry"],"_links":{"self":[{"href":"https:\/\/atemtherapie-wiest.de\/index.php?rest_route=\/wp\/v2\/pages\/472","targetHints":{"allow":["GET"]}}],"collection":[{"href":"https:\/\/atemtherapie-wiest.de\/index.php?rest_route=\/wp\/v2\/pages"}],"about":[{"href":"https:\/\/atemtherapie-wiest.de\/index.php?rest_route=\/wp\/v2\/types\/page"}],"author":[{"embeddable":true,"href":"https:\/\/atemtherapie-wiest.de\/index.php?rest_route=\/wp\/v2\/users\/1"}],"replies":[{"embeddable":true,"href":"https:\/\/atemtherapie-wiest.de\/index.php?rest_route=%2Fwp%2Fv2%2Fcomments&post=472"}],"version-history":[{"count":2,"href":"https:\/\/atemtherapie-wiest.de\/index.php?rest_route=\/wp\/v2\/pages\/472\/revisions"}],"predecessor-version":[{"id":503,"href":"https:\/\/atemtherapie-wiest.de\/index.php?rest_route=\/wp\/v2\/pages\/472\/revisions\/503"}],"up":[{"embeddable":true,"href":"https:\/\/atemtherapie-wiest.de\/index.php?rest_route=\/wp\/v2\/pages\/16"}],"wp:attachment":[{"href":"https:\/\/atemtherapie-wiest.de\/index.php?rest_route=%2Fwp%2Fv2%2Fmedia&parent=472"}],"curies":[{"name":"wp","href":"https:\/\/api.w.org\/{rel}","templated":true}]}}