{"id":22,"date":"2020-11-23T22:59:41","date_gmt":"2020-11-23T22:59:41","guid":{"rendered":"https:\/\/transfersiteatempraxis.live-website.com\/?page_id=22"},"modified":"2026-02-17T11:01:35","modified_gmt":"2026-02-17T11:01:35","slug":"kontakt","status":"publish","type":"page","link":"https:\/\/atemtherapie-wiest.de\/?page_id=22","title":{"rendered":"Kontakt"},"content":{"rendered":"\n<p>Sie interessieren sich f\u00fcr Atemtherapie und m\u00f6chten gerne mehr \u00fcber die Methode oder die Unterrichtsvarianten kennen lernen? Gerne nehme ich mir Zeit f\u00fcr Ihre Fragen, die Sie mir&nbsp;per E-Mail&nbsp;oder per Telefon stellen.<\/p>\n\n\n\n<p>Sie erreichen mich telefonisch<br>Dienstag Vormittag von&nbsp;10.00 \u201311.00 Uhr&nbsp;unter:<\/p>\n\n\n\n<p><strong>+49 (0) 751 \/ 76 96 28 88<\/strong><\/p>\n\n\n\n<p>oder Sie schreiben mir eine E-Mail an:<\/p>\n\n\n\n<p><a href=\"mailto:info@atemtherapie-wiest.de\"><strong>info@atemtherapie-wiest.de<\/strong><\/a><\/p>\n\n\n\n<div class=\"wp-block-buttons is-content-justification-left is-layout-flex wp-container-core-buttons-is-layout-fdcfc74e wp-block-buttons-is-layout-flex\">\n<div class=\"wp-block-button is-style-fill\"><a class=\"wp-block-button__link has-vivid-green-cyan-background-color has-background wp-element-button\" href=\"mailto:info@atemtherapie-wiest.de\">Direkt zur E-Mail<\/a><\/div>\n<\/div>\n\n\n\n<h2 class=\"wp-block-heading\">Hier finden Sie mich:<\/h2>\n\n\n\n<p><strong>Lebensr\u00e4ume f\u00fcr Jung &amp; Alt<\/strong><br>Weinbergstra\u00dfe 11,<br>88214 Ravensburg<\/p>\n\n\n\n<iframe src=\"https:\/\/www.google.com\/maps\/embed?pb=!1m18!1m12!1m3!1d2681.1322490125!2d9.608255076465458!3d47.77888357606452!2m3!1f0!2f0!3f0!3m2!1i1024!2i768!4f13.1!3m3!1m2!1s0x479baee04821a157%3A0x79b889b69b382f76!2sLebensr%C3%A4ume%20f%C3%BCr%20Jung%20und%20Alt%20-%20Weinbergstra%C3%9Fe!5e0!3m2!1sde!2sde!4v1771324552689!5m2!1sde!2sde\" width=\"600\" height=\"450\" style=\"border:0;\" allowfullscreen=\"\" loading=\"lazy\" referrerpolicy=\"no-referrer-when-downgrade\"><\/iframe>\n","protected":false},"excerpt":{"rendered":"<p>Sie interessieren sich f\u00fcr Atemtherapie und m\u00f6chten gerne mehr \u00fcber die Methode oder die Unterrichtsvarianten kennen lernen? Gerne nehme ich mir Zeit f\u00fcr Ihre Fragen, die Sie mir&nbsp;per E-Mail&nbsp;oder per Telefon stellen. Sie erreichen mich telefonischDienstag Vormittag von&nbsp;10.00 \u201311.00 Uhr&nbsp;unter: +49 (0) 751 \/ 76 96 28 88 oder Sie schreiben mir eine E-Mail an: &hellip; <\/p>\n<p class=\"link-more\"><a href=\"https:\/\/atemtherapie-wiest.de\/?page_id=22\" class=\"more-link\"><span class=\"screen-reader-text\">\u201eKontakt\u201c <\/span>weiterlesen<\/a><\/p>\n","protected":false},"author":2,"featured_media":0,"parent":0,"menu_order":5,"comment_status":"closed","ping_status":"closed","template":"","meta":{"footnotes":""},"class_list":["post-22","page","type-page","status-publish","hentry"],"_links":{"self":[{"href":"https:\/\/atemtherapie-wiest.de\/index.php?rest_route=\/wp\/v2\/pages\/22","targetHints":{"allow":["GET"]}}],"collection":[{"href":"https:\/\/atemtherapie-wiest.de\/index.php?rest_route=\/wp\/v2\/pages"}],"about":[{"href":"https:\/\/atemtherapie-wiest.de\/index.php?rest_route=\/wp\/v2\/types\/page"}],"author":[{"embeddable":true,"href":"https:\/\/atemtherapie-wiest.de\/index.php?rest_route=\/wp\/v2\/users\/2"}],"replies":[{"embeddable":true,"href":"https:\/\/atemtherapie-wiest.de\/index.php?rest_route=%2Fwp%2Fv2%2Fcomments&post=22"}],"version-history":[{"count":11,"href":"https:\/\/atemtherapie-wiest.de\/index.php?rest_route=\/wp\/v2\/pages\/22\/revisions"}],"predecessor-version":[{"id":415,"href":"https:\/\/atemtherapie-wiest.de\/index.php?rest_route=\/wp\/v2\/pages\/22\/revisions\/415"}],"wp:attachment":[{"href":"https:\/\/atemtherapie-wiest.de\/index.php?rest_route=%2Fwp%2Fv2%2Fmedia&parent=22"}],"curies":[{"name":"wp","href":"https:\/\/api.w.org\/{rel}","templated":true}]}}