{"id":20,"date":"2026-01-14T09:51:58","date_gmt":"2026-01-14T09:51:58","guid":{"rendered":"https:\/\/transfersiteatempraxis.live-website.com\/?page_id=20"},"modified":"2026-03-29T10:45:31","modified_gmt":"2026-03-29T10:45:31","slug":"wochenkurs-fruehjahr-2026","status":"publish","type":"page","link":"https:\/\/atemtherapie-wiest.de\/?page_id=20","title":{"rendered":"Wochenkurs Fr\u00fchjahr 2026"},"content":{"rendered":"\n<pre class=\"wp-block-verse\" style=\"font-size:18px\">10 Abende f\u00fcr ein besseres Lebensgef\u00fchl.<\/pre>\n\n\n\n<h2 class=\"wp-block-heading\"><strong>Wann?<\/strong><\/h2>\n\n\n\n<p>23.04. &#8211; 16.07.2026 <br>Donnerstags, 18:00 &#8211; 19:00 Uhr<\/p>\n\n\n\n<p>10 Termine:<\/p>\n\n\n\n<p><br>23.4., 30.4., 7.5., 21.5., 11.6., 18.6., 25.6., 2.7., 9.7., 16.7.2026<\/p>\n\n\n\n<h2 class=\"wp-block-heading\"><strong>Wo?<\/strong><\/h2>\n\n\n\n<p>Lebensr\u00e4ume f\u00fcr Jung &amp; Alt<br>Weinbergstra\u00dfe 11,<br>88214 Ravensburg<\/p>\n\n\n\n<h2 class=\"wp-block-heading\"><strong>Kosten<\/strong><\/h2>\n\n\n\n<p>190,- \u20ac  (keine Kassenleistung)<\/p>\n\n\n\n<div class=\"wp-block-buttons is-horizontal is-content-justification-left is-layout-flex wp-container-core-buttons-is-layout-0fd3d8b5 wp-block-buttons-is-layout-flex\">\n<div class=\"wp-block-button\"><a class=\"wp-block-button__link has-vivid-green-cyan-background-color has-background wp-element-button\" href=\"https:\/\/atemtherapie-wiest.de\/?page_id=22\">Kontakt \/ Anmeldung<\/a><\/div>\n<\/div>\n\n\n\n<div class=\"wp-block-group is-nowrap is-layout-flex wp-container-core-group-is-layout-ad2f72ca wp-block-group-is-layout-flex\">\n\n<\/div>\n\n\n\n<p><\/p>\n","protected":false},"excerpt":{"rendered":"<p>10 Abende f\u00fcr ein besseres Lebensgef\u00fchl. Wann? 23.04. &#8211; 16.07.2026 Donnerstags, 18:00 &#8211; 19:00 Uhr 10 Termine: 23.4., 30.4., 7.5., 21.5., 11.6., 18.6., 25.6., 2.7., 9.7., 16.7.2026 Wo? Lebensr\u00e4ume f\u00fcr Jung &amp; AltWeinbergstra\u00dfe 11,88214 Ravensburg Kosten 190,- \u20ac (keine Kassenleistung)<\/p>\n","protected":false},"author":2,"featured_media":0,"parent":19,"menu_order":1,"comment_status":"closed","ping_status":"closed","template":"","meta":{"footnotes":""},"class_list":["post-20","page","type-page","status-publish","hentry"],"_links":{"self":[{"href":"https:\/\/atemtherapie-wiest.de\/index.php?rest_route=\/wp\/v2\/pages\/20","targetHints":{"allow":["GET"]}}],"collection":[{"href":"https:\/\/atemtherapie-wiest.de\/index.php?rest_route=\/wp\/v2\/pages"}],"about":[{"href":"https:\/\/atemtherapie-wiest.de\/index.php?rest_route=\/wp\/v2\/types\/page"}],"author":[{"embeddable":true,"href":"https:\/\/atemtherapie-wiest.de\/index.php?rest_route=\/wp\/v2\/users\/2"}],"replies":[{"embeddable":true,"href":"https:\/\/atemtherapie-wiest.de\/index.php?rest_route=%2Fwp%2Fv2%2Fcomments&post=20"}],"version-history":[{"count":40,"href":"https:\/\/atemtherapie-wiest.de\/index.php?rest_route=\/wp\/v2\/pages\/20\/revisions"}],"predecessor-version":[{"id":522,"href":"https:\/\/atemtherapie-wiest.de\/index.php?rest_route=\/wp\/v2\/pages\/20\/revisions\/522"}],"up":[{"embeddable":true,"href":"https:\/\/atemtherapie-wiest.de\/index.php?rest_route=\/wp\/v2\/pages\/19"}],"wp:attachment":[{"href":"https:\/\/atemtherapie-wiest.de\/index.php?rest_route=%2Fwp%2Fv2%2Fmedia&parent=20"}],"curies":[{"name":"wp","href":"https:\/\/api.w.org\/{rel}","templated":true}]}}