{"id":18,"date":"2020-11-23T22:59:41","date_gmt":"2020-11-23T22:59:41","guid":{"rendered":"https:\/\/transfersiteatempraxis.live-website.com\/?page_id=18"},"modified":"2026-03-25T19:43:58","modified_gmt":"2026-03-25T19:43:58","slug":"ueber-mich","status":"publish","type":"page","link":"https:\/\/atemtherapie-wiest.de\/?page_id=18","title":{"rendered":"\u00dcber mich"},"content":{"rendered":"\n<h2 class=\"wp-block-heading\">Atemp\u00e4dagoging Maria Wiest<\/h2>\n\n\n\n<figure class=\"wp-block-image size-large\"><img loading=\"lazy\" decoding=\"async\" width=\"1600\" height=\"900\" src=\"https:\/\/atemtherapie-wiest.de\/wp-content\/uploads\/2026\/02\/IMG-20221106-WA0000-edited.jpg\" alt=\"Maria Wiest\" class=\"wp-image-431\" srcset=\"https:\/\/atemtherapie-wiest.de\/wp-content\/uploads\/2026\/02\/IMG-20221106-WA0000-edited.jpg 1600w, https:\/\/atemtherapie-wiest.de\/wp-content\/uploads\/2026\/02\/IMG-20221106-WA0000-edited-300x169.jpg 300w, https:\/\/atemtherapie-wiest.de\/wp-content\/uploads\/2026\/02\/IMG-20221106-WA0000-edited-1024x576.jpg 1024w, https:\/\/atemtherapie-wiest.de\/wp-content\/uploads\/2026\/02\/IMG-20221106-WA0000-edited-768x432.jpg 768w, https:\/\/atemtherapie-wiest.de\/wp-content\/uploads\/2026\/02\/IMG-20221106-WA0000-edited-1536x864.jpg 1536w\" sizes=\"auto, (max-width: 767px) 89vw, (max-width: 1000px) 54vw, (max-width: 1071px) 543px, 580px\" \/><\/figure>\n\n\n\n<p>Seit \u00fcber 30 Jahren arbeitete ich als Psychologische Beraterin an verschiedenen Psychologischen Beratungsstellen f\u00fcr Paar-Familien-und Lebensfragen. Seit 2005 f\u00fchre ich zudem eine eigene atemp\u00e4dagogische Praxis in Ravenburg. <\/p>\n\n\n\n<p>Erg\u00e4nzend zu meiner beratenden T\u00e4tigkeit habe ich \u00fcber viele Jahre hinweg intensive K\u00f6rper- und Tanzerfahrung gesammelt, unter anderem mit Aikido und New Dance (contact-Improvisation).<\/p>\n\n\n\n<p>Als <strong>diplomierte Atemtherapeutin<\/strong> arbeite ich k\u00f6rperorientiert mit dem Atem \u2013 sowohl in <strong>Gruppen<\/strong> als auch im <strong>Einzelsetting<\/strong>. F\u00fcr Menschen, die sich eine tiefere Begleitung w\u00fcnschen, besteht auf Grundlage meiner langj\u00e4hrigen Erfahrung als psychologische Beraterin die M\u00f6glichkeit, die atembasierte Arbeit mit einempsychologisch fundierten Gespr\u00e4chsangebot zu verbinden.<\/p>\n\n\n\n<p>\u00dcber viele Jahre hinweg habe ich meine Arbeit in <strong>\u00fcberregionalen Atemseminaren, <\/strong>Vortr\u00e4gen und Fortbildungen vorgestellt und weitergegeben, unter anderem bei<\/p>\n\n\n\n<ul class=\"wp-block-list\">\n<li>den Lindauer Psychotherapietagen<strong> (lptw.de)<\/strong><\/li>\n\n\n\n<li>der Jahrestagung der Ehe-, Familien- und Lebensberater <strong>(KBKEFL.de)<\/strong><\/li>\n\n\n\n<li>sowie bei der Internationalen Gesellschaft f\u00fcr Tiefenpsychologie <strong>(igt.de)<\/strong><\/li>\n<\/ul>\n\n\n\n<p class=\"has-medium-font-size\">Meine fachlicher Hintergrund <\/p>\n\n\n\n<pre class=\"wp-block-verse\">- Diplom-P\u00e4dagogin<br><br>- Grundausbildung in klient-zentrierter Gespr\u00e4chspsychotherapie nach Carl Rogers<br><br>- Integrierte Entspannungsverfahren (Autogenes Training, Muskelentspannung nach Jacobson, Imaginative Verfahren) am Milton Erikson Institut in M\u00fcnchen <br><br>- Psychologische Beraterin f\u00fcr Paar-Familien- und Lebensfragen(BAG) <br><br>- Ausbildung zur Atemp\u00e4dagogin von 2001-2005 bei U. Schwendimann in der Schweiz und von 2002-2005 am Ilse Middendorf-Institut in Berlin. Abschluss 2005<br><br>- Laufende Fort-und Weiterbildung im Bereich Atemtherapie bei erfahrenen Lehrer*innen u.a. Ilse Middendorf, Herta Richter, Maria H\u00f6ller-Zangenfeind, J\u00fcrg Roffler, Gertrud Kutscher, Norbert Faller.<\/pre>\n\n\n\n<p><\/p>\n\n\n\n<p><\/p>\n","protected":false},"excerpt":{"rendered":"<p>Atemp\u00e4dagoging Maria Wiest Seit \u00fcber 30 Jahren arbeitete ich als Psychologische Beraterin an verschiedenen Psychologischen Beratungsstellen f\u00fcr Paar-Familien-und Lebensfragen. Seit 2005 f\u00fchre ich zudem eine eigene atemp\u00e4dagogische Praxis in Ravenburg. Erg\u00e4nzend zu meiner beratenden T\u00e4tigkeit habe ich \u00fcber viele Jahre hinweg intensive K\u00f6rper- und Tanzerfahrung gesammelt, unter anderem mit Aikido und New Dance (contact-Improvisation). Als &hellip; <\/p>\n<p class=\"link-more\"><a href=\"https:\/\/atemtherapie-wiest.de\/?page_id=18\" class=\"more-link\"><span class=\"screen-reader-text\">\u201e\u00dcber mich\u201c <\/span>weiterlesen<\/a><\/p>\n","protected":false},"author":2,"featured_media":0,"parent":0,"menu_order":3,"comment_status":"closed","ping_status":"closed","template":"","meta":{"footnotes":""},"class_list":["post-18","page","type-page","status-publish","hentry"],"_links":{"self":[{"href":"https:\/\/atemtherapie-wiest.de\/index.php?rest_route=\/wp\/v2\/pages\/18","targetHints":{"allow":["GET"]}}],"collection":[{"href":"https:\/\/atemtherapie-wiest.de\/index.php?rest_route=\/wp\/v2\/pages"}],"about":[{"href":"https:\/\/atemtherapie-wiest.de\/index.php?rest_route=\/wp\/v2\/types\/page"}],"author":[{"embeddable":true,"href":"https:\/\/atemtherapie-wiest.de\/index.php?rest_route=\/wp\/v2\/users\/2"}],"replies":[{"embeddable":true,"href":"https:\/\/atemtherapie-wiest.de\/index.php?rest_route=%2Fwp%2Fv2%2Fcomments&post=18"}],"version-history":[{"count":21,"href":"https:\/\/atemtherapie-wiest.de\/index.php?rest_route=\/wp\/v2\/pages\/18\/revisions"}],"predecessor-version":[{"id":460,"href":"https:\/\/atemtherapie-wiest.de\/index.php?rest_route=\/wp\/v2\/pages\/18\/revisions\/460"}],"wp:attachment":[{"href":"https:\/\/atemtherapie-wiest.de\/index.php?rest_route=%2Fwp%2Fv2%2Fmedia&parent=18"}],"curies":[{"name":"wp","href":"https:\/\/api.w.org\/{rel}","templated":true}]}}