{"id":17,"date":"2020-11-23T22:59:41","date_gmt":"2020-11-23T22:59:41","guid":{"rendered":"https:\/\/transfersiteatempraxis.live-website.com\/?page_id=17"},"modified":"2026-03-29T11:14:21","modified_gmt":"2026-03-29T11:14:21","slug":"atem-verbindet-koerper-seele-und-geist","status":"publish","type":"page","link":"https:\/\/atemtherapie-wiest.de\/?page_id=17","title":{"rendered":"Atem verbindet K\u00f6rper, Seele und Geist."},"content":{"rendered":"\n<h2 class=\"wp-block-heading\">Atem ist Leben. Leben ist Bewegung.<\/h2>\n\n\n\n<p>Vom ersten bis zum letzten Atemzug durchschwingt und unser Atem. Wie von selbst wird frische Luft eingeatmet und verbrauchte Luft wieder ausgeatmet.<\/p>\n\n\n\n<figure class=\"wp-block-image size-full\"><img loading=\"lazy\" decoding=\"async\" width=\"2560\" height=\"1440\" src=\"https:\/\/atemtherapie-wiest.de\/wp-content\/uploads\/2026\/02\/Meer-Gomera-edited-scaled.jpg\" alt=\"\" class=\"wp-image-438\" srcset=\"https:\/\/atemtherapie-wiest.de\/wp-content\/uploads\/2026\/02\/Meer-Gomera-edited-scaled.jpg 2560w, https:\/\/atemtherapie-wiest.de\/wp-content\/uploads\/2026\/02\/Meer-Gomera-edited-300x169.jpg 300w, https:\/\/atemtherapie-wiest.de\/wp-content\/uploads\/2026\/02\/Meer-Gomera-edited-1024x576.jpg 1024w, https:\/\/atemtherapie-wiest.de\/wp-content\/uploads\/2026\/02\/Meer-Gomera-edited-768x432.jpg 768w, https:\/\/atemtherapie-wiest.de\/wp-content\/uploads\/2026\/02\/Meer-Gomera-edited-1536x864.jpg 1536w, https:\/\/atemtherapie-wiest.de\/wp-content\/uploads\/2026\/02\/Meer-Gomera-edited-2048x1152.jpg 2048w\" sizes=\"auto, (max-width: 767px) 89vw, (max-width: 1000px) 54vw, (max-width: 1071px) 543px, 580px\" \/><\/figure>\n\n\n\n<p>Jeder Einatem l\u00e4sst meine K\u00f6rperw\u00e4nde weit werden, jeder Ausatem schwingt wieder zur\u00fcck zur K\u00f6rpermitte. Jede Atemruhe bereitet den Platz f\u00fcr den n\u00e4chsten Einatem. Abgesehen vom rein physiologischen Geschehen umfasst Atem mich als ganzes Wesen mit Leib, Seele und Geist.<\/p>\n\n\n\n<h3 class=\"wp-block-heading\">Sichtbar und sp\u00fcrbar reagiert der Atem auf \u2026<\/h3>\n\n\n\n<ul class=\"wp-block-list\">\n<li><strong>K\u00f6rperliche Anforderungen \u2013<\/strong> Wir atmen langsamer in Ruhe, schneller bei Bewegung, z. B. beim Treppensteigen, bei schwerer k\u00f6rperlicher Arbeit oder sportlicher Bet\u00e4tigung.<\/li>\n\n\n\n<li><strong>Seelisch-geistige Vorg\u00e4nge \u2013 <\/strong>Wir alle kennen tiefe Seufzer in Momenten der Erleichterung, entspannende Atemz\u00fcge nach einem geschafften Arbeitstag, wenn wir uns auf dem Sofa niederlassen. Herzhaftes Lachen in Momenten heiterer Stimmung<strong>.<\/strong><\/li>\n\n\n\n<li><strong>Stresssituationen \u2013<\/strong> Leistungsdruck und \u00c4ngste lassen den Atem flacher werden oder bringen ihn gar ganz zum Stocken. Das Atemvolumen wird geringer, wir sprechen von Flachatmung. Dabei wird nur noch der obere und mittlere Lungenbereich versorgt. Wachsen die seelischen Spannungen oder h\u00e4lt eine Stresssituation \u00fcber einen l\u00e4ngeren Zeitraum an, f\u00fchrt dies zu Verspannungen der Muskulatur.<\/li>\n<\/ul>\n\n\n\n<pre class=\"wp-block-verse has-text-align-center\" style=\"font-size:18px\">\u201cLass mich langsamer gehen, Gott<br>entlaste das eilige Schlagen meines Herzens<br>durch das Stillwerden meiner Seele.<br>Lass meine hastigen Schritte stetiger werden<br>mit dem Blick in die Weite.<br>Gib mir inmitten der Verwirrung des Tages<br>die Ruhe der ewigen Berge.<br>L\u00f6se die Anspannung meiner Nerven und Muskeln<br>durch die sanfte Musik des ruhigen Atems.<br>Lehre mich die Kunst des freien Augenblicks.\u201d<br><br><strong>(Verfasser unbekannt)<\/strong><\/pre>\n\n\n\n<p>Mit Hilfe einfacher Bewegungs\u00fcbungen k\u00f6nnen Sie erleben, dass der Atem Verspannungen von Leib und Seele behutsam l\u00f6sen kann.<\/p>\n\n\n\n<p>So wird der Atem als Lebenskraft sp\u00fcrbar und ein Weg zu mir selbst. Ein Weg, bei dem ich mich als ganze Person kennen lernen kann.<\/p>\n","protected":false},"excerpt":{"rendered":"<p>Atem ist Leben. Leben ist Bewegung. Vom ersten bis zum letzten Atemzug durchschwingt und unser Atem. Wie von selbst wird frische Luft eingeatmet und verbrauchte Luft wieder ausgeatmet. Jeder Einatem l\u00e4sst meine K\u00f6rperw\u00e4nde weit werden, jeder Ausatem schwingt wieder zur\u00fcck zur K\u00f6rpermitte. Jede Atemruhe bereitet den Platz f\u00fcr den n\u00e4chsten Einatem. Abgesehen vom rein physiologischen &hellip; <\/p>\n<p class=\"link-more\"><a href=\"https:\/\/atemtherapie-wiest.de\/?page_id=17\" class=\"more-link\"><span class=\"screen-reader-text\">\u201eAtem verbindet K\u00f6rper, Seele und Geist.\u201c <\/span>weiterlesen<\/a><\/p>\n","protected":false},"author":2,"featured_media":0,"parent":16,"menu_order":1,"comment_status":"closed","ping_status":"closed","template":"","meta":{"footnotes":""},"class_list":["post-17","page","type-page","status-publish","hentry"],"_links":{"self":[{"href":"https:\/\/atemtherapie-wiest.de\/index.php?rest_route=\/wp\/v2\/pages\/17","targetHints":{"allow":["GET"]}}],"collection":[{"href":"https:\/\/atemtherapie-wiest.de\/index.php?rest_route=\/wp\/v2\/pages"}],"about":[{"href":"https:\/\/atemtherapie-wiest.de\/index.php?rest_route=\/wp\/v2\/types\/page"}],"author":[{"embeddable":true,"href":"https:\/\/atemtherapie-wiest.de\/index.php?rest_route=\/wp\/v2\/users\/2"}],"replies":[{"embeddable":true,"href":"https:\/\/atemtherapie-wiest.de\/index.php?rest_route=%2Fwp%2Fv2%2Fcomments&post=17"}],"version-history":[{"count":9,"href":"https:\/\/atemtherapie-wiest.de\/index.php?rest_route=\/wp\/v2\/pages\/17\/revisions"}],"predecessor-version":[{"id":533,"href":"https:\/\/atemtherapie-wiest.de\/index.php?rest_route=\/wp\/v2\/pages\/17\/revisions\/533"}],"up":[{"embeddable":true,"href":"https:\/\/atemtherapie-wiest.de\/index.php?rest_route=\/wp\/v2\/pages\/16"}],"wp:attachment":[{"href":"https:\/\/atemtherapie-wiest.de\/index.php?rest_route=%2Fwp%2Fv2%2Fmedia&parent=17"}],"curies":[{"name":"wp","href":"https:\/\/api.w.org\/{rel}","templated":true}]}}