{"id":16,"date":"2020-11-23T22:59:41","date_gmt":"2020-11-23T22:59:41","guid":{"rendered":"https:\/\/transfersiteatempraxis.live-website.com\/?page_id=16"},"modified":"2026-03-29T11:03:07","modified_gmt":"2026-03-29T11:03:07","slug":"atemarbeit","status":"publish","type":"page","link":"https:\/\/atemtherapie-wiest.de\/?page_id=16","title":{"rendered":"Atemarbeit"},"content":{"rendered":"\n<h2 class=\"wp-block-heading\">Atem ist Leben. Leben ist Bewegung.<\/h2>\n\n\n\n<p>Der Atem, der uns in jedem Augenblick durchstr\u00f6mt, ist eine heilsame Kraft, die eine zentrierende Wirkung hat. Jedoch bleibt der Atem meistens unbewusst. Hier setzt die Atemarbeit ein.<\/p>\n\n\n\n<figure class=\"wp-block-image size-large\"><img loading=\"lazy\" decoding=\"async\" width=\"1024\" height=\"576\" src=\"https:\/\/atemtherapie-wiest.de\/wp-content\/uploads\/2026\/02\/WellevonJoerg-edited-1024x576.jpg\" alt=\"\" class=\"wp-image-434\" srcset=\"https:\/\/atemtherapie-wiest.de\/wp-content\/uploads\/2026\/02\/WellevonJoerg-edited-1024x576.jpg 1024w, https:\/\/atemtherapie-wiest.de\/wp-content\/uploads\/2026\/02\/WellevonJoerg-edited-300x169.jpg 300w, https:\/\/atemtherapie-wiest.de\/wp-content\/uploads\/2026\/02\/WellevonJoerg-edited-768x432.jpg 768w, https:\/\/atemtherapie-wiest.de\/wp-content\/uploads\/2026\/02\/WellevonJoerg-edited-1536x864.jpg 1536w, https:\/\/atemtherapie-wiest.de\/wp-content\/uploads\/2026\/02\/WellevonJoerg-edited.jpg 1612w\" sizes=\"auto, (max-width: 767px) 89vw, (max-width: 1000px) 54vw, (max-width: 1071px) 543px, 580px\" \/><\/figure>\n\n\n\n<p>Sanfte Bewegungs\u00fcbungen im Sitzen, Stehen und Liegen locken den Atem in bestimmte K\u00f6rperregionen. Der K\u00f6rper wird beweglicher und lebendiger. Kraft, Ruhe und Gelassenheit k\u00f6nnen entstehen. Lernen Sie diese Kraftquelle f\u00fcr sich in Ihrem Alltag zu nutzen.<\/p>\n\n\n\n<p>Mit Hilfe einfacher Bewegungs\u00fcbungen k\u00f6nnen Sie erleben, dass der Atem Verspannungen von Leib und Seele behutsam l\u00f6sen kann. So wird der Atem als Lebenskraft sp\u00fcrbar und ein Weg zu mir selbst.<\/p>\n\n\n\n<p>Bewusst atmen hei\u00dft, Lebenskraft wieder zum Flie\u00dfen zu bringen.<\/p>\n","protected":false},"excerpt":{"rendered":"<p>Atem ist Leben. Leben ist Bewegung. Der Atem, der uns in jedem Augenblick durchstr\u00f6mt, ist eine heilsame Kraft, die eine zentrierende Wirkung hat. Jedoch bleibt der Atem meistens unbewusst. Hier setzt die Atemarbeit ein. Sanfte Bewegungs\u00fcbungen im Sitzen, Stehen und Liegen locken den Atem in bestimmte K\u00f6rperregionen. Der K\u00f6rper wird beweglicher und lebendiger. Kraft, Ruhe &hellip; <\/p>\n<p class=\"link-more\"><a href=\"https:\/\/atemtherapie-wiest.de\/?page_id=16\" class=\"more-link\"><span class=\"screen-reader-text\">\u201eAtemarbeit\u201c <\/span>weiterlesen<\/a><\/p>\n","protected":false},"author":2,"featured_media":0,"parent":0,"menu_order":0,"comment_status":"closed","ping_status":"closed","template":"","meta":{"footnotes":""},"class_list":["post-16","page","type-page","status-publish","hentry"],"_links":{"self":[{"href":"https:\/\/atemtherapie-wiest.de\/index.php?rest_route=\/wp\/v2\/pages\/16","targetHints":{"allow":["GET"]}}],"collection":[{"href":"https:\/\/atemtherapie-wiest.de\/index.php?rest_route=\/wp\/v2\/pages"}],"about":[{"href":"https:\/\/atemtherapie-wiest.de\/index.php?rest_route=\/wp\/v2\/types\/page"}],"author":[{"embeddable":true,"href":"https:\/\/atemtherapie-wiest.de\/index.php?rest_route=\/wp\/v2\/users\/2"}],"replies":[{"embeddable":true,"href":"https:\/\/atemtherapie-wiest.de\/index.php?rest_route=%2Fwp%2Fv2%2Fcomments&post=16"}],"version-history":[{"count":8,"href":"https:\/\/atemtherapie-wiest.de\/index.php?rest_route=\/wp\/v2\/pages\/16\/revisions"}],"predecessor-version":[{"id":435,"href":"https:\/\/atemtherapie-wiest.de\/index.php?rest_route=\/wp\/v2\/pages\/16\/revisions\/435"}],"wp:attachment":[{"href":"https:\/\/atemtherapie-wiest.de\/index.php?rest_route=%2Fwp%2Fv2%2Fmedia&parent=16"}],"curies":[{"name":"wp","href":"https:\/\/api.w.org\/{rel}","templated":true}]}}